{"id":2,"date":"2022-09-23T16:09:10","date_gmt":"2022-09-23T16:09:10","guid":{"rendered":"http:\/\/www.evamaster.com\/?page_id=2"},"modified":"2023-08-29T11:41:03","modified_gmt":"2023-08-29T11:41:03","slug":"iletisim","status":"publish","type":"page","link":"https:\/\/www.evamaster.com\/index.php\/iletisim\/","title":{"rendered":"\u0130leti\u015fim"},"content":{"rendered":"<div data-colibri-id=\"2-c1\" class=\"style-450 style-local-2-c1 position-relative\">\n  <!---->\n  <div data-colibri-component=\"section\" data-colibri-id=\"2-c2\" id=\"initial-content\" class=\"h-section h-section-global-spacing d-flex align-items-lg-center align-items-md-center align-items-center style-451 style-local-2-c2 position-relative\">\n    <!---->\n    <!---->\n    <div class=\"h-section-grid-container h-section-boxed-container\">\n      <!---->\n      <div data-colibri-id=\"2-c3\" class=\"h-row-container gutters-row-lg-2 gutters-row-md-2 gutters-row-0 gutters-row-v-lg-2 gutters-row-v-md-2 gutters-row-v-2 style-460 style-local-2-c3 position-relative\">\n        <!---->\n        <div class=\"h-row justify-content-lg-center justify-content-md-center justify-content-center align-items-lg-stretch align-items-md-stretch align-items-stretch gutters-col-lg-2 gutters-col-md-2 gutters-col-0 gutters-col-v-lg-2 gutters-col-v-md-2 gutters-col-v-2\">\n          <!---->\n          <div class=\"h-column h-column-container d-flex h-col-lg-auto h-col-md-auto h-col-auto style-461-outer style-local-2-c4-outer\">\n            <div data-colibri-id=\"2-c4\" class=\"d-flex h-flex-basis h-column__inner h-px-lg-2 h-px-md-2 h-px-2 v-inner-lg-2 v-inner-md-2 v-inner-2 style-461 style-local-2-c4 position-relative\">\n              <!---->\n              <!---->\n              <div class=\"w-100 h-y-container h-column__content h-column__v-align flex-basis-100 align-self-lg-start align-self-md-start align-self-start\">\n                <!---->\n                <div data-colibri-id=\"2-c5\" class=\"h-global-transition-all h-heading style-462 style-local-2-c5 position-relative h-element\">\n                  <!---->\n                  <div class=\"h-heading__outer style-462 style-local-2-c5\">\n                    <!---->\n                    <!---->\n                    <h1 class=\"\">Bizimle ileti\u015fime ge\u00e7in<\/h1>\n                  <\/div>\n                <\/div>\n              <\/div>\n            <\/div>\n          <\/div>\n        <\/div>\n      <\/div>\n      <div data-colibri-id=\"2-c6\" class=\"h-row-container gutters-row-lg-2 gutters-row-md-2 gutters-row-0 gutters-row-v-lg-2 gutters-row-v-md-2 gutters-row-v-2 style-458 style-local-2-c6 position-relative\">\n        <!---->\n        <div class=\"h-row justify-content-lg-center justify-content-md-center justify-content-center align-items-lg-stretch align-items-md-stretch align-items-stretch gutters-col-lg-2 gutters-col-md-2 gutters-col-0 gutters-col-v-lg-2 gutters-col-v-md-2 gutters-col-v-2\">\n          <!---->\n          <div class=\"h-column h-column-container d-flex h-col-lg-auto h-col-md-auto h-col-auto style-459-outer style-local-2-c7-outer\">\n            <div data-colibri-id=\"2-c7\" class=\"d-flex h-flex-basis h-column__inner h-px-lg-2 h-px-md-2 h-px-2 v-inner-lg-2 v-inner-md-2 v-inner-2 style-459 style-local-2-c7 position-relative\">\n              <!---->\n              <!---->\n              <div class=\"w-100 h-y-container h-column__content h-column__v-align flex-basis-100 align-self-lg-start align-self-md-start align-self-start\">\n                <!---->\n                <div data-colibri-id=\"2-c8\" class=\"h-contact-form__outer--forminator style-457 style-local-2-c8 position-relative h-element\">\n                  <!---->\n                  <div class=\"h-global-transition-all h-global-transition h-global-transition-all h-contact-form-shortcode\"><div class=\"forminator-ui forminator-custom-form forminator-custom-form-162 forminator-design--default  forminator_ajax\" data-forminator-render=\"0\" data-form=\"forminator-module-162\" data-uid=\"65218d35f0c88\"><br\/><\/div><form\n\t\t\t\tid=\"forminator-module-162\"\n\t\t\t\tclass=\"forminator-ui forminator-custom-form forminator-custom-form-162 forminator-design--default  forminator_ajax\"\n\t\t\t\tmethod=\"post\"\n\t\t\t\tdata-forminator-render=\"0\"\n\t\t\t\tdata-form-id=\"162\"\n\t\t\t\t\n\t\t\t\tdata-design=\"default\"\n\t\t\t\t\n\t\t\t\t\n\t\t\t\t\n\t\t\t\tdata-grid=\"open\"\n\t\t\t\t\n\t\t\t\t\n\t\t\t\tstyle=\"display: none;\"\n\t\t\t\t\n\t\t\t\tdata-uid=\"65218d35f0c88\"\n\t\t\t><div class=\"forminator-response-message forminator-error\" aria-hidden=\"true\"><\/div><div class=\"forminator-row\"><div id=\"name-1\" class=\"forminator-col forminator-col-12 \"><div class=\"forminator-field\"><label for=\"forminator-field-name-1_65218d35f0c88\" class=\"forminator-label\">\u0130lk Ad <span class=\"forminator-required\">*<\/span><\/label><input type=\"text\" name=\"name-1\" value=\"\" placeholder=\"\u0130sim\" id=\"forminator-field-name-1_65218d35f0c88\" class=\"forminator-input forminator-name--field\" aria-required=\"true\" \/><\/div><\/div><\/div><div class=\"forminator-row\"><div id=\"email-1\" class=\"forminator-col forminator-col-12 \"><div class=\"forminator-field\"><label for=\"forminator-field-email-1_65218d35f0c88\" class=\"forminator-label\">E-posta Adresiniz <span class=\"forminator-required\">*<\/span><\/label><input type=\"email\" name=\"email-1\" value=\"\" placeholder=\"\" id=\"forminator-field-email-1_65218d35f0c88\" class=\"forminator-input forminator-email--field\" data-required=\"true\" aria-required=\"true\" \/><\/div><\/div><\/div><div class=\"forminator-row\"><div id=\"phone-1\" class=\"forminator-col forminator-col-12 \"><div class=\"forminator-field\"><label for=\"forminator-field-phone-1_65218d35f0c88\" class=\"forminator-label\">Telefon Numaras\u0131 <span class=\"forminator-required\">*<\/span><\/label><input type=\"text\" name=\"phone-1\" value=\"\" placeholder=\"Telefon\" id=\"forminator-field-phone-1_65218d35f0c88\" class=\"forminator-input forminator-field--phone\" data-required=\"1\" aria-required=\"true\" autocomplete=\"off\" \/><\/div><\/div><\/div><div class=\"forminator-row\"><div id=\"textarea-1\" class=\"forminator-col forminator-col-12 \"><div class=\"forminator-field\"><label for=\"forminator-field-textarea-1_65218d35f0c88\" class=\"forminator-label\">Mesaj <span class=\"forminator-required\">*<\/span><\/label><textarea name=\"textarea-1\" placeholder=\"Mesaj\u0131n\u0131z\u0131 giriniz...\" id=\"forminator-field-textarea-1_65218d35f0c88\" class=\"forminator-textarea\" rows=\"6\" style=\"min-height:140px;\" maxlength=\"180\" ><\/textarea><span class=\"forminator-description\"><span data-limit=\"180\" data-type=\"characters\">0 \/ 180<\/span><\/span><\/div><\/div><\/div><input type=\"hidden\" name=\"referer_url\" value=\"http:\/\/www.evamaster.com\/index.php\/iletisim\/\" \/><div class=\"forminator-row forminator-row-last\"><div class=\"forminator-col\"><div class=\"forminator-field\"><button class=\"forminator-button forminator-button-submit\">Mesaj G&ouml;nder<\/button><\/div><\/div><\/div><input type=\"hidden\" id=\"forminator_nonce\" name=\"forminator_nonce\" value=\"ddb316669a\" \/><input type=\"hidden\" name=\"_wp_http_referer\" value=\"\/index.php\/wp-json\/wp\/v2\/pages\/2\" \/><input type=\"hidden\" name=\"form_id\" value=\"162\"><input type=\"hidden\" name=\"page_id\" value=\"2\"><input type=\"hidden\" name=\"form_type\" value=\"default\"><input type=\"hidden\" name=\"current_url\" value=\"https:\/\/www.evamaster.com\/index.php\/iletisim\/\"><input type=\"hidden\" name=\"render_id\" value=\"0\"><input type=\"hidden\" name=\"action\" value=\"forminator_submit_form_custom-forms\"><\/form><\/div>\n                <\/div>\n              <\/div>\n            <\/div>\n          <\/div>\n          <div class=\"h-column h-column-container d-flex h-col-lg-auto h-col-md-auto h-col-auto style-574-outer style-local-2-c9-outer\">\n            <div data-colibri-id=\"2-c9\" class=\"d-flex h-flex-basis h-column__inner h-px-lg-2 h-px-md-2 h-px-2 v-inner-lg-2 v-inner-md-2 v-inner-2 style-574 style-local-2-c9 position-relative\">\n              <!---->\n              <!---->\n              <div class=\"w-100 h-y-container h-column__content h-column__v-align flex-basis-100 align-self-lg-start align-self-md-start align-self-start\">\n                <!---->\n                <div data-colibri-id=\"2-c18\" class=\"h-divider style-602 style-local-2-c18 position-relative h-element\">\n                  <!----><span class=\"h-divider__line style-602-line style-local-2-c18-line style-602-line style-local-2-c18-line\"><\/span> <span class=\"h-svg-icon h-divider__icon style-602-icon style-local-2-c18-icon\"><!--Icon by Font Awesome (https:\/\/fontawesome.com)-->\n    <svg version=\"1.1\" xmlns=\"http:\/\/www.w3.org\/2000\/svg\" xmlns:xlink=\"http:\/\/www.w3.org\/1999\/xlink\" id=\"star\" viewBox=\"0 0 1664 1896.0833\">\n      <path d=\"M1664 647q0 22-26 48l-363 354 86 500q1 7 1 20 0 21-10.5 35.5T1321 1619q-19 0-40-12l-449-236-449 236q-22 12-40 12-21 0-31.5-14.5T301 1569q0-6 2-20l86-500L25 695Q0 668 0 647q0-37 56-46l502-73L783 73q19-41 49-41t49 41l225 455 502 73q56 9 56 46z\"><\/path>\n    <\/svg><\/span> <span class=\"h-divider__line style-602-line style-local-2-c18-line style-602-line style-local-2-c18-line\"><\/span><\/div>\n                <div data-colibri-id=\"2-c10\" class=\"h-global-transition-all h-heading style-575 style-local-2-c10 position-relative h-element\">\n                  <!---->\n                  <div class=\"h-heading__outer style-575 style-local-2-c10\">\n                    <!---->\n                    <!---->\n                    <h4 class=\"\">Merkez<\/h4>\n                  <\/div>\n                <\/div>\n                <div data-colibri-id=\"2-c11\" class=\"h-text h-text-component style-576 style-local-2-c11 position-relative h-element\">\n                  <!---->\n                  <!---->\n                  <div class=\"\">\n                    <p>Ba\u015fp\u0131nar (Organize) Osb. Mh. O.S.B. 3. B\u00f6lge 83316 Nolu Cad. No: 2<\/p>\n                    <p>\u015eehitkamil\/Gaziantep\/T\u00dcRK\u0130YE<\/p>\n                  <\/div>\n                <\/div>\n                <div data-colibri-id=\"2-c17\" class=\"h-divider style-600 style-local-2-c17 position-relative h-element\">\n                  <!----><span class=\"h-divider__line style-600-line style-local-2-c17-line style-600-line style-local-2-c17-line\"><\/span> <span class=\"h-svg-icon h-divider__icon style-600-icon style-local-2-c17-icon\"><!--Icon by Font Awesome (https:\/\/fontawesome.com)-->\n    <svg version=\"1.1\" xmlns=\"http:\/\/www.w3.org\/2000\/svg\" xmlns:xlink=\"http:\/\/www.w3.org\/1999\/xlink\" id=\"map-pin\" viewBox=\"0 0 1125.6776 1896.0833\">\n      <path d=\"M512 1088q66 0 128-15v655q0 26-19 45t-45 19H448q-26 0-45-19t-19-45v-655q62 15 128 15zM512 0q212 0 362 150t150 362-150 362-362 150-362-150T0 512t150-362T512 0zm0 224q14 0 23-9t9-23-9-23-23-9q-146 0-249 103T160 512q0 14 9 23t23 9 23-9 9-23q0-119 84.5-203.5T512 224z\"><\/path>\n    <\/svg><\/span> <span class=\"h-divider__line style-600-line style-local-2-c17-line style-600-line style-local-2-c17-line\"><\/span><\/div>\n                <div data-colibri-id=\"2-c15\" class=\"h-global-transition-all h-heading style-597 style-local-2-c15 position-relative h-element\">\n                  <!---->\n                  <div class=\"h-heading__outer style-597 style-local-2-c15\">\n                    <!---->\n                    <!---->\n                    <h4 class=\"\">\u0130stanbul Ofis<\/h4>\n                  <\/div>\n                <\/div>\n                <div data-colibri-id=\"2-c16\" class=\"h-text h-text-component style-598 style-local-2-c16 position-relative h-element\">\n                  <!---->\n                  <!---->\n                  <div class=\"\">\n                    <p>Tekstilkent Ticaret Merkezi\n                      <br>A16-Z06 <\/p>\n                    <p>Esenler\/\u0130stanbul\/T\u00dcRK\u0130YE\n                      <br>+90 533 615 2520\n                      <br>\n                    <\/p>\n                  <\/div>\n                <\/div>\n                <div data-colibri-id=\"2-c13\" class=\"h-global-transition-all h-heading style-577 style-local-2-c13 position-relative h-element\">\n                  <!---->\n                  <div class=\"h-heading__outer style-577 style-local-2-c13\">\n                    <!---->\n                    <!---->\n                    <h4 class=\"\">Mail<\/h4>\n                  <\/div>\n                <\/div>\n                <div data-colibri-id=\"2-c14\" class=\"h-text h-text-component style-578 style-local-2-c14 position-relative h-element\">\n                  <!---->\n                  <!---->\n                  <div class=\"\">\n                    <p>info@evamaster.com.tr<\/p>\n                  <\/div>\n                <\/div>\n              <\/div>\n            <\/div>\n          <\/div>\n        <\/div>\n      <\/div>\n    <\/div>\n  <\/div>\n<\/div>","protected":false},"excerpt":{"rendered":"<p>Bizimle ileti\u015fime ge\u00e7in Merkez Ba\u015fp\u0131nar (Organize) Osb. Mh. O.S.B. 3. B\u00f6lge 83316 Nolu Cad. No: 2 \u015eehitkamil\/Gaziantep\/T\u00dcRK\u0130YE \u0130stanbul Ofis Tekstilkent Ticaret Merkezi A16-Z06 Esenler\/\u0130stanbul\/T\u00dcRK\u0130YE +90 533 615 2520 Mail info@evamaster.com.tr<\/p>\n","protected":false},"author":1,"featured_media":0,"parent":0,"menu_order":0,"comment_status":"closed","ping_status":"closed","template":"page-templates\/full-width-page.php","meta":{"_themeisle_gutenberg_block_has_review":false},"_links":{"self":[{"href":"https:\/\/www.evamaster.com\/index.php\/wp-json\/wp\/v2\/pages\/2"}],"collection":[{"href":"https:\/\/www.evamaster.com\/index.php\/wp-json\/wp\/v2\/pages"}],"about":[{"href":"https:\/\/www.evamaster.com\/index.php\/wp-json\/wp\/v2\/types\/page"}],"author":[{"embeddable":true,"href":"https:\/\/www.evamaster.com\/index.php\/wp-json\/wp\/v2\/users\/1"}],"replies":[{"embeddable":true,"href":"https:\/\/www.evamaster.com\/index.php\/wp-json\/wp\/v2\/comments?post=2"}],"version-history":[{"count":7,"href":"https:\/\/www.evamaster.com\/index.php\/wp-json\/wp\/v2\/pages\/2\/revisions"}],"predecessor-version":[{"id":524,"href":"https:\/\/www.evamaster.com\/index.php\/wp-json\/wp\/v2\/pages\/2\/revisions\/524"}],"wp:attachment":[{"href":"https:\/\/www.evamaster.com\/index.php\/wp-json\/wp\/v2\/media?parent=2"}],"curies":[{"name":"wp","href":"https:\/\/api.w.org\/{rel}","templated":true}]}}