{"id":320,"date":"2023-08-22T14:59:04","date_gmt":"2023-08-22T14:59:04","guid":{"rendered":"https:\/\/www.evamaster.com\/?page_id=320"},"modified":"2023-08-23T12:20:49","modified_gmt":"2023-08-23T12:20:49","slug":"hakkimizda","status":"publish","type":"page","link":"https:\/\/www.evamaster.com\/index.php\/hakkimizda\/","title":{"rendered":"Hakk\u0131m\u0131zda"},"content":{"rendered":"<div data-colibri-id=\"320-c1\" class=\"style-463 style-local-320-c1 position-relative\">\n  <!---->\n  <div data-colibri-component=\"section\" data-colibri-id=\"320-c2\" id=\"initial-content\" class=\"h-section h-section-global-spacing d-flex align-items-lg-center align-items-md-center align-items-center style-464 style-local-320-c2 position-relative\">\n    <!---->\n    <!---->\n    <div class=\"h-section-grid-container h-section-boxed-container\">\n      <!---->\n      <div data-colibri-id=\"320-c3\" class=\"h-row-container gutters-row-lg-2 gutters-row-md-2 gutters-row-0 gutters-row-v-lg-2 gutters-row-v-md-2 gutters-row-v-2 style-468 style-local-320-c3 position-relative\">\n        <!---->\n        <div class=\"h-row justify-content-lg-center justify-content-md-center justify-content-center align-items-lg-stretch align-items-md-stretch align-items-stretch gutters-col-lg-2 gutters-col-md-2 gutters-col-0 gutters-col-v-lg-2 gutters-col-v-md-2 gutters-col-v-2\">\n          <!---->\n          <div class=\"h-column h-column-container d-flex h-col-lg-auto h-col-md-auto h-col-auto style-469-outer style-local-320-c4-outer\">\n            <div data-colibri-id=\"320-c4\" class=\"d-flex h-flex-basis h-column__inner h-px-lg-2 h-px-md-2 h-px-2 v-inner-lg-2 v-inner-md-2 v-inner-2 style-469 style-local-320-c4 position-relative\">\n              <!---->\n              <!---->\n              <div class=\"w-100 h-y-container h-column__content h-column__v-align flex-basis-100 align-self-lg-start align-self-md-start align-self-start\">\n                <!---->\n                <div data-colibri-id=\"320-c5\" class=\"h-global-transition-all h-heading style-470 style-local-320-c5 position-relative h-element\">\n                  <!---->\n                  <div class=\"h-heading__outer style-470 style-local-320-c5\">\n                    <!---->\n                    <!---->\n                    <h2 class=\"\">Hakk\u0131m\u0131zda<\/h2>\n                  <\/div>\n                <\/div>\n                <div data-colibri-id=\"320-c6\" class=\"h-text h-text-component style-471 style-local-320-c6 position-relative h-element\">\n                  <!---->\n                  <!---->\n                  <div class=\"\">\n                    <p>2015 y\u0131l\u0131nda kaliteyi moda ile birli\u015ftirmek \u00fczere kurulan SONEX Ayakkab\u0131, PVC enjeksiyon ayakkab\u0131 ve EVA sandalet \u00fcr\u00fcn portfoy\u00fcn\u00fc olu\u015fturduktan sonra, 2022 y\u0131l\u0131nda EVAMASTER ad\u0131 alt\u0131nda&nbsp;EVA Compound tesisini kurmu\u015ftur. Profesyonel\n                      ekibi ve g\u00fc\u00e7l\u00fc AR-GE \u00e7al\u0131\u015fmalar\u0131 ile k\u0131sa s\u00fcrede t\u00fcm d\u00fcnyaya kendini kan\u0131tlam\u0131\u015ft\u0131r. Y\u00fcksek \u00fcretim kapasitesi, 400+ renk se\u00e7ene\u011fi, uygun fiyat garantisi ve s\u00fcrekli ula\u015f\u0131labilir teknik destek yard\u0131m\u0131 ile i\u015f ortaklar\u0131na y\u00fcksek g\u00fcven\n                      sa\u011flamaktad\u0131r.<\/p>\n                  <\/div>\n                <\/div>\n                <div data-colibri-id=\"320-c7\" class=\"h-global-transition-all h-heading style-472 style-local-320-c7 position-relative h-element\">\n                  <!---->\n                  <div class=\"h-heading__outer style-472 style-local-320-c7\">\n                    <!---->\n                    <!---->\n                    <h2 class=\"\">Vizyonumuz<\/h2>\n                  <\/div>\n                <\/div>\n                <div data-colibri-id=\"320-c8\" class=\"h-text h-text-component style-473 style-local-320-c8 position-relative h-element\">\n                  <!---->\n                  <!---->\n                  <div class=\"\">\n                    <p>De\u011fi\u015fen moda trendlerine en h\u0131zl\u0131 \u015fekilde cevap verirken, kaliteden \u00f6d\u00fcn vermeyerek en iyi teknik destek garantisini sa\u011flamak, compound \u00fcretiminde T\u00fcrkiye\u2019nin ve d\u00fcnyan\u0131n lider markalar\u0131ndan biri olmak.<\/p>\n                  <\/div>\n                <\/div>\n                <div data-colibri-id=\"320-c9\" class=\"h-global-transition-all h-heading style-477 style-local-320-c9 position-relative h-element\">\n                  <!---->\n                  <div class=\"h-heading__outer style-477 style-local-320-c9\">\n                    <!---->\n                    <!---->\n                    <h2 class=\"\">Misyonumuz<\/h2>\n                  <\/div>\n                <\/div>\n                <div data-colibri-id=\"320-c10\" class=\"h-text h-text-component style-478 style-local-320-c10 position-relative h-element\">\n                  <!---->\n                  <!---->\n                  <div class=\"\">\n                    <p>Do\u011faya ve insan sa\u011fl\u0131\u011f\u0131na uyumlu \u00fcr\u00fcnler \u00fcretmek ve i\u015f ortaklar\u0131m\u0131za en iyi fiyat garantisini sunarken en profesyonel Teknik deste\u011fi sa\u011flamak.<\/p>\n                  <\/div>\n                <\/div>\n                <div data-colibri-id=\"320-c11\" class=\"h-global-transition-all h-heading style-479 style-local-320-c11 position-relative h-element\">\n                  <!---->\n                  <div class=\"h-heading__outer style-479 style-local-320-c11\">\n                    <!---->\n                    <!---->\n                    <h2 class=\"\">Felsefemiz<\/h2>\n                  <\/div>\n                <\/div>\n                <div data-colibri-id=\"320-c12\" class=\"h-text h-text-component style-480 style-local-320-c12 position-relative h-element\">\n                  <!---->\n                  <!---->\n                  <div class=\"\">\n                    <p>\u00dcr\u00fcn ve hizmet felsefemizin temelinde \u201cmutlak m\u00fc\u015fteri memnuniyeti\u201d en temel de\u011ferimizdir. Sosyal sorumluluklar\u0131n\u0131n bilinciyle hareket eden \u015firketimiz, toplumun ihtiya\u00e7lar\u0131na duyarl\u0131d\u0131r. Toplumun ve m\u00fc\u015fterilerinin ihtiya\u00e7 ve beklentilerini\n                      \u00f6nceden belirleyerek yarat\u0131c\u0131 \u00e7\u00f6z\u00fcmler sunar. Geli\u015fen teknolojinin t\u00fcm imkanlar\u0131n\u0131 kullanarak \u00fcr\u00fcn ve hizmetlerini s\u00fcrekli yenilemektedir.<\/p>\n                  <\/div>\n                <\/div>\n              <\/div>\n            <\/div>\n          <\/div>\n        <\/div>\n      <\/div>\n    <\/div>\n  <\/div>\n<\/div>","protected":false},"excerpt":{"rendered":"<p>Hakk\u0131m\u0131zda 2015 y\u0131l\u0131nda kaliteyi moda ile birli\u015ftirmek \u00fczere kurulan SONEX Ayakkab\u0131, PVC enjeksiyon ayakkab\u0131 ve EVA sandalet \u00fcr\u00fcn portfoy\u00fcn\u00fc olu\u015fturduktan sonra, 2022 y\u0131l\u0131nda EVAMASTER ad\u0131 alt\u0131nda&nbsp;EVA Compound tesisini kurmu\u015ftur. Profesyonel ekibi ve g\u00fc\u00e7l\u00fc AR-GE \u00e7al\u0131\u015fmalar\u0131 ile k\u0131sa s\u00fcrede t\u00fcm d\u00fcnyaya kendini kan\u0131tlam\u0131\u015ft\u0131r. Y\u00fcksek \u00fcretim kapasitesi, 400+ renk se\u00e7ene\u011fi, uygun fiyat garantisi ve s\u00fcrekli ula\u015f\u0131labilir teknik [&hellip;]<\/p>\n","protected":false},"author":1,"featured_media":0,"parent":0,"menu_order":0,"comment_status":"closed","ping_status":"closed","template":"page-templates\/full-width-page.php","meta":{"_themeisle_gutenberg_block_has_review":false},"_links":{"self":[{"href":"https:\/\/www.evamaster.com\/index.php\/wp-json\/wp\/v2\/pages\/320"}],"collection":[{"href":"https:\/\/www.evamaster.com\/index.php\/wp-json\/wp\/v2\/pages"}],"about":[{"href":"https:\/\/www.evamaster.com\/index.php\/wp-json\/wp\/v2\/types\/page"}],"author":[{"embeddable":true,"href":"https:\/\/www.evamaster.com\/index.php\/wp-json\/wp\/v2\/users\/1"}],"replies":[{"embeddable":true,"href":"https:\/\/www.evamaster.com\/index.php\/wp-json\/wp\/v2\/comments?post=320"}],"version-history":[{"count":3,"href":"https:\/\/www.evamaster.com\/index.php\/wp-json\/wp\/v2\/pages\/320\/revisions"}],"predecessor-version":[{"id":377,"href":"https:\/\/www.evamaster.com\/index.php\/wp-json\/wp\/v2\/pages\/320\/revisions\/377"}],"wp:attachment":[{"href":"https:\/\/www.evamaster.com\/index.php\/wp-json\/wp\/v2\/media?parent=320"}],"curies":[{"name":"wp","href":"https:\/\/api.w.org\/{rel}","templated":true}]}}