{"id":392,"date":"2023-08-23T12:24:33","date_gmt":"2023-08-23T12:24:33","guid":{"rendered":"https:\/\/www.evamaster.com\/?page_id=392"},"modified":"2023-08-29T11:46:57","modified_gmt":"2023-08-29T11:46:57","slug":"kariyer","status":"publish","type":"page","link":"https:\/\/www.evamaster.com\/index.php\/kariyer\/","title":{"rendered":"Kariyer"},"content":{"rendered":"<div data-colibri-id=\"392-c1\" class=\"style-492 style-local-392-c1 position-relative\">\n  <!---->\n  <div data-colibri-component=\"section\" data-colibri-id=\"392-c6\" id=\"content\" class=\"h-section h-section-global-spacing d-flex align-items-lg-center align-items-md-center align-items-center style-603 style-local-392-c6 position-relative\">\n    <!---->\n    <!---->\n    <div class=\"h-section-grid-container h-section-boxed-container\">\n      <!---->\n      <div data-colibri-id=\"392-c15\" class=\"h-row-container gutters-row-lg-2 gutters-row-md-2 gutters-row-0 gutters-row-v-lg-2 gutters-row-v-md-2 gutters-row-v-2 style-614 style-local-392-c15 position-relative\">\n        <!---->\n        <div class=\"h-row justify-content-lg-center justify-content-md-center justify-content-center align-items-lg-stretch align-items-md-stretch align-items-stretch gutters-col-lg-2 gutters-col-md-2 gutters-col-0 gutters-col-v-lg-2 gutters-col-v-md-2 gutters-col-v-2\">\n          <!---->\n          <div class=\"h-column h-column-container d-flex h-col-lg-auto h-col-md-auto h-col-auto style-615-outer style-local-392-c16-outer\">\n            <div data-colibri-id=\"392-c16\" class=\"d-flex h-flex-basis h-column__inner h-px-lg-2 h-px-md-2 h-px-2 v-inner-lg-2 v-inner-md-2 v-inner-2 style-615 style-local-392-c16 position-relative\">\n              <!---->\n              <!---->\n              <div class=\"w-100 h-y-container h-column__content h-column__v-align flex-basis-100 align-self-lg-start align-self-md-start align-self-start\">\n                <!---->\n                <div data-colibri-id=\"392-c21\" class=\"h-global-transition-all h-heading style-619 style-local-392-c21 position-relative h-element\">\n                  <!---->\n                  <div class=\"h-heading__outer style-619 style-local-392-c21\">\n                    <!---->\n                    <!---->\n                    <h2 class=\"\">Kariyeriniz bizimle g\u00fcvende<\/h2>\n                  <\/div>\n                <\/div>\n                <div data-colibri-id=\"392-c17\" class=\"h-contact-form__outer--forminator style-613 style-local-392-c17 position-relative h-element\">\n                  <!---->\n                  <div class=\"h-global-transition-all h-global-transition h-global-transition-all h-contact-form-shortcode\"><div class=\"forminator-ui forminator-custom-form forminator-custom-form-514 forminator-design--default  forminator_ajax\" data-forminator-render=\"0\" data-form=\"forminator-module-514\" data-uid=\"65218d3ea2e3d\"><br\/><\/div><form\n\t\t\t\tid=\"forminator-module-514\"\n\t\t\t\tclass=\"forminator-ui forminator-custom-form forminator-custom-form-514 forminator-design--default  forminator_ajax\"\n\t\t\t\tmethod=\"post\"\n\t\t\t\tdata-forminator-render=\"0\"\n\t\t\t\tdata-form-id=\"514\"\n\t\t\t\t\n\t\t\t\tdata-design=\"default\"\n\t\t\t\t\n\t\t\t\t\n\t\t\t\t\n\t\t\t\tdata-grid=\"open\"\n\t\t\t\tenctype=\"multipart\/form-data\"\n\t\t\t\t\n\t\t\t\tstyle=\"display: none;\"\n\t\t\t\t\n\t\t\t\tdata-uid=\"65218d3ea2e3d\"\n\t\t\t><div class=\"forminator-response-message forminator-error\" aria-hidden=\"true\"><\/div><div class=\"forminator-row\"><div id=\"name-1\" class=\"forminator-col forminator-col-6 \"><div class=\"forminator-row\" data-multiple=\"true\"><div class=\"forminator-col forminator-col-12\"><div class=\"forminator-field\"><label for=\"forminator-field-first-name-1_65218d3ea2e3d\" class=\"forminator-label\">Ad <span class=\"forminator-required\">*<\/span><\/label><input type=\"text\" name=\"name-1-first-name\" placeholder=\"\" id=\"forminator-field-first-name-1_65218d3ea2e3d\" class=\"forminator-input\" aria-required=\"true\" data-multi=\"1\" value=\"\" \/><\/div><\/div><\/div><div class=\"forminator-row\" data-multiple=\"true\"><div class=\"forminator-col forminator-col-12\"><div class=\"forminator-field\"><label for=\"forminator-field-last-name-1_65218d3ea2e3d\" class=\"forminator-label\">Soyad <span class=\"forminator-required\">*<\/span><\/label><input type=\"text\" name=\"name-1-last-name\" placeholder=\"\" id=\"forminator-field-last-name-1_65218d3ea2e3d\" class=\"forminator-input\" aria-required=\"true\" data-multi=\"1\" value=\"\" \/><\/div><\/div><\/div><\/div><div id=\"upload-1\" class=\"forminator-col forminator-col-6 \"><div class=\"forminator-field\"><label for=\"forminator-field-upload-1_65218d3ea2e3d\" class=\"forminator-label\">CV Y\u00fckle<\/label><div class=\"forminator-file-upload \" data-element=\"upload-1_65218d3ea2e3d\"><input type=\"file\" name=\"upload-1\" id=\"forminator-field-upload-1_65218d3ea2e3d\" class=\"forminator-input-file\" accept=\".jpg,.jpeg,.jpe,.gif,.png,.bmp,.tiff,.tif,.webp,.ico,.heic,.asf,.asx,.wmv,.wmx,.wm,.avi,.divx,.flv,.mov,.qt,.mpeg,.mpg,.mpe,.mp4,.m4v,.ogv,.webm,.mkv,.3gp,.3gpp,.3g2,.3gp2,.txt,.asc,.c,.cc,.h,.srt,.csv,.tsv,.ics,.rtx,.css,.htm,.html,.vtt,.dfxp,.mp3,.m4a,.m4b,.aac,.ra,.ram,.wav,.ogg,.oga,.flac,.mid,.midi,.wma,.wax,.mka,.rtf,.js,.pdf,.class,.tar,.zip,.gz,.gzip,.rar,.7z,.psd,.xcf,.doc,.pot,.pps,.ppt,.wri,.xla,.xls,.xlt,.xlw,.mdb,.mpp,.docx,.docm,.dotx,.dotm,.xlsx,.xlsm,.xlsb,.xltx,.xltm,.xlam,.pptx,.pptm,.ppsx,.ppsm,.potx,.potm,.ppam,.sldx,.sldm,.onetoc,.onetoc2,.onetmp,.onepkg,.oxps,.xps,.odt,.odp,.ods,.odg,.odc,.odb,.odf,.wp,.wpd,.key,.numbers,.pages,.json,.svg\"><button id=\"forminator-field-upload-1_65218d3ea2e3d_button\" class=\"forminator-button forminator-button-upload\" data-id=\"forminator-field-upload-1_65218d3ea2e3d\">Dosya Se\u00e7<\/button><span data-empty-text=\"Dosya se\u00e7ilmedi\">Dosya se\u00e7ilmedi<\/span><button class=\"forminator-button-delete\" style=\"display: none;\"><i class=\"forminator-icon-close\" aria-hidden=\"true\"><\/i><span class=\"forminator-screen-reader-only\">Y\u00fcklenen dosyay\u0131 sil<\/span><\/button><\/div><\/div><\/div><\/div><div class=\"forminator-row\"><div id=\"phone-1\" class=\"forminator-col forminator-col-6 \"><div class=\"forminator-field\"><label for=\"forminator-field-phone-1_65218d3ea2e3d\" class=\"forminator-label\">Telefon Numaras\u0131 <span class=\"forminator-required\">*<\/span><\/label><input type=\"text\" name=\"phone-1\" value=\"\" placeholder=\"\" id=\"forminator-field-phone-1_65218d3ea2e3d\" class=\"forminator-input forminator-field--phone\" data-required=\"1\" aria-required=\"true\" autocomplete=\"off\" data-validation=\"1\" \/><\/div><\/div><div id=\"email-1\" class=\"forminator-col forminator-col-6 \"><div class=\"forminator-field\"><label for=\"forminator-field-email-1_65218d3ea2e3d\" class=\"forminator-label\">E-posta Adresi <span class=\"forminator-required\">*<\/span><\/label><input type=\"email\" name=\"email-1\" value=\"\" placeholder=\"\" id=\"forminator-field-email-1_65218d3ea2e3d\" class=\"forminator-input forminator-email--field\" data-required=\"true\" aria-required=\"true\" \/><\/div><\/div><\/div><div class=\"forminator-row\"><div id=\"textarea-2\" class=\"forminator-col forminator-col-12 \"><div class=\"forminator-field\"><label for=\"forminator-field-textarea-2_65218d3ea2e3d\" class=\"forminator-label\">K\u0131sa \u00d6zge\u00e7mi\u015f<\/label><textarea name=\"textarea-2\" placeholder=\"\" id=\"forminator-field-textarea-2_65218d3ea2e3d\" class=\"forminator-textarea\" rows=\"6\" style=\"min-height:140px;\" ><\/textarea><\/div><\/div><\/div><input type=\"hidden\" name=\"referer_url\" value=\"http:\/\/www.evamaster.com\/index.php\/kariyer\/\" \/><div class=\"forminator-row forminator-row-last\"><div class=\"forminator-col\"><div class=\"forminator-field\"><button class=\"forminator-button forminator-button-submit\">G&ouml;nder<\/button><\/div><\/div><\/div><input type=\"hidden\" id=\"forminator_nonce\" name=\"forminator_nonce\" value=\"ddb316669a\" \/><input type=\"hidden\" name=\"_wp_http_referer\" value=\"\/index.php\/wp-json\/wp\/v2\/pages\/392\" \/><input type=\"hidden\" name=\"form_id\" value=\"514\"><input type=\"hidden\" name=\"page_id\" value=\"392\"><input type=\"hidden\" name=\"form_type\" value=\"default\"><input type=\"hidden\" name=\"current_url\" value=\"https:\/\/www.evamaster.com\/index.php\/kariyer\/\"><input type=\"hidden\" name=\"render_id\" value=\"0\"><input type=\"hidden\" name=\"action\" value=\"forminator_submit_form_custom-forms\"><\/form><\/div>\n                <\/div>\n              <\/div>\n            <\/div>\n          <\/div>\n        <\/div>\n      <\/div>\n    <\/div>\n  <\/div>\n<\/div>","protected":false},"excerpt":{"rendered":"<p>Kariyeriniz bizimle g\u00fcvende<\/p>\n","protected":false},"author":1,"featured_media":0,"parent":0,"menu_order":0,"comment_status":"closed","ping_status":"closed","template":"page-templates\/full-width-page.php","meta":{"_themeisle_gutenberg_block_has_review":false},"_links":{"self":[{"href":"https:\/\/www.evamaster.com\/index.php\/wp-json\/wp\/v2\/pages\/392"}],"collection":[{"href":"https:\/\/www.evamaster.com\/index.php\/wp-json\/wp\/v2\/pages"}],"about":[{"href":"https:\/\/www.evamaster.com\/index.php\/wp-json\/wp\/v2\/types\/page"}],"author":[{"embeddable":true,"href":"https:\/\/www.evamaster.com\/index.php\/wp-json\/wp\/v2\/users\/1"}],"replies":[{"embeddable":true,"href":"https:\/\/www.evamaster.com\/index.php\/wp-json\/wp\/v2\/comments?post=392"}],"version-history":[{"count":4,"href":"https:\/\/www.evamaster.com\/index.php\/wp-json\/wp\/v2\/pages\/392\/revisions"}],"predecessor-version":[{"id":538,"href":"https:\/\/www.evamaster.com\/index.php\/wp-json\/wp\/v2\/pages\/392\/revisions\/538"}],"wp:attachment":[{"href":"https:\/\/www.evamaster.com\/index.php\/wp-json\/wp\/v2\/media?parent=392"}],"curies":[{"name":"wp","href":"https:\/\/api.w.org\/{rel}","templated":true}]}}