{"id":403,"date":"2023-08-23T12:30:55","date_gmt":"2023-08-23T12:30:55","guid":{"rendered":"https:\/\/www.evamaster.com\/?page_id=403"},"modified":"2023-08-23T12:43:44","modified_gmt":"2023-08-23T12:43:44","slug":"urunler","status":"publish","type":"page","link":"https:\/\/www.evamaster.com\/index.php\/urunler\/","title":{"rendered":"\u00dcr\u00fcnler"},"content":{"rendered":"<div data-colibri-id=\"403-c1\" class=\"style-505 style-local-403-c1 position-relative\">\n  <!---->\n  <div data-colibri-component=\"section\" data-colibri-id=\"403-c6\" id=\"team\" class=\"h-section h-section-global-spacing d-flex align-items-lg-center align-items-md-center align-items-center style-510 style-local-403-c6 position-relative\">\n    <!---->\n    <!---->\n    <div class=\"h-section-grid-container h-section-boxed-container\">\n      <div data-colibri-id=\"403-c36\" class=\"h-row-container gutters-row-lg-0 gutters-row-md-0 gutters-row-2 gutters-row-v-lg-0 gutters-row-v-md-0 gutters-row-v-0 style-522 style-local-403-c36 position-relative\">\n        <!---->\n        <div class=\"h-row justify-content-lg-center justify-content-md-center justify-content-center align-items-lg-stretch align-items-md-stretch align-items-stretch gutters-col-lg-0 gutters-col-md-0 gutters-col-2 gutters-col-v-lg-0 gutters-col-v-md-0 gutters-col-v-0\">\n          <!---->\n          <div class=\"h-column h-column-container d-flex h-col-lg-auto h-col-md-auto h-col-auto style-523-outer style-local-403-c37-outer\">\n            <div data-colibri-id=\"403-c37\" class=\"d-flex h-flex-basis h-column__inner h-px-lg-1 h-px-md-1 h-px-2 v-inner-lg-1 v-inner-md-1 v-inner-2 style-523 style-local-403-c37 position-relative\">\n              <!---->\n              <!---->\n              <div class=\"w-100 h-y-container h-column__content h-column__v-align flex-basis-100 align-self-lg-start align-self-md-start align-self-start\">\n                <!---->\n                <div data-colibri-id=\"403-c39\" class=\"h-lead h-text h-text-component style-525 style-local-403-c39 position-relative h-element\">\n                  <!---->\n                  <!---->\n                  <div class=\"\">\n                    <p> Eva Master \u00fcr\u00fcnlerini buradan inceleyebilirsiniz.<\/p>\n                  <\/div>\n                <\/div>\n              <\/div>\n            <\/div>\n          <\/div>\n        <\/div>\n      <\/div>\n      <div data-colibri-id=\"403-c7\" class=\"h-row-container gutters-row-lg-2 gutters-row-md-2 gutters-row-2 gutters-row-v-lg-2 gutters-row-v-md-2 gutters-row-v-2 style-511 style-local-403-c7 position-relative\">\n        <!---->\n        <div class=\"h-row justify-content-lg-center justify-content-md-center justify-content-center align-items-lg-stretch align-items-md-stretch align-items-stretch gutters-col-lg-2 gutters-col-md-2 gutters-col-2 gutters-col-v-lg-2 gutters-col-v-md-2 gutters-col-v-2\">\n          <!---->\n          <div class=\"h-column h-column-container d-flex h-col-lg-6 h-col-md-6 h-col-12 style-512-outer style-local-403-c8-outer\">\n            <div data-colibri-id=\"403-c8\" class=\"d-flex h-flex-basis h-column__inner h-px-lg-0 h-px-md-0 h-px-0 v-inner-lg-0 v-inner-md-0 v-inner-0 style-512 style-local-403-c8 position-relative\">\n              <!---->\n              <!---->\n              <div class=\"w-100 h-y-container h-column__content h-column__v-align flex-basis-100 align-self-lg-start align-self-md-start align-self-start\">\n                <!---->\n                <div data-colibri-id=\"403-c9\" class=\"d-block style-513 style-local-403-c9 position-relative h-element\">\n                  <!---->\n                  <div class=\"h-image__frame-container-outer\">\n                    <div class=\"h-image__frame-container\">\n                      <!---->\n                      <!---->\n                      <img loading=\"lazy\" width=\"1500\" height=\"1500\" src=\"https:\/\/www.evamaster.com\/wp-content\/uploads\/2022\/10\/cropped-turuncu.jpg\" class=\"wp-image-246 style-513-image style-local-403-c9-image\" srcset=\"https:\/\/www.evamaster.com\/wp-content\/uploads\/2022\/10\/cropped-turuncu.jpg 1500w, https:\/\/www.evamaster.com\/wp-content\/uploads\/2022\/10\/cropped-turuncu-300x300.jpg 300w, https:\/\/www.evamaster.com\/wp-content\/uploads\/2022\/10\/cropped-turuncu-1024x1024.jpg 1024w, https:\/\/www.evamaster.com\/wp-content\/uploads\/2022\/10\/cropped-turuncu-150x150.jpg 150w, https:\/\/www.evamaster.com\/wp-content\/uploads\/2022\/10\/cropped-turuncu-768x768.jpg 768w\" sizes=\"(max-width: 1500px) 100vw, 1500px\" alt=\"\" \/>\n                      <div class=\"h-image__frame h-hide-lg h-hide-md h-hide-sm style-513-frameImage style-local-403-c9-frameImage\"><\/div>\n                    <\/div>\n                  <\/div>\n                <\/div>\n                <div data-colibri-id=\"403-c10\" class=\"h-row-container gutters-row-lg-0 gutters-row-md-0 gutters-row-0 gutters-row-v-lg-0 gutters-row-v-md-0 gutters-row-v-0 style-514 style-local-403-c10 position-relative\">\n                  <!---->\n                  <div class=\"h-row justify-content-lg-center justify-content-md-center justify-content-center align-items-lg-stretch align-items-md-stretch align-items-stretch gutters-col-lg-0 gutters-col-md-0 gutters-col-0 gutters-col-v-lg-0 gutters-col-v-md-0 gutters-col-v-0\">\n                    <!---->\n                    <div class=\"h-column h-column-container d-flex h-col-lg-auto h-col-md-auto h-col-auto style-515-outer style-local-403-c11-outer\">\n                      <div data-colibri-id=\"403-c11\" class=\"d-flex h-flex-basis h-column__inner h-px-lg-2 h-px-md-2 h-px-2 v-inner-lg-2 v-inner-md-2 v-inner-2 style-515 style-local-403-c11 position-relative\">\n                        <!---->\n                        <!---->\n                        <div class=\"w-100 h-y-container h-column__content h-column__v-align flex-basis-100 align-self-lg-start align-self-md-start align-self-start\">\n                          <!---->\n                          <div data-colibri-id=\"403-c12\" class=\"h-global-transition-all h-heading style-516 style-local-403-c12 position-relative h-element\">\n                            <!---->\n                            <div class=\"h-heading__outer style-516 style-local-403-c12\">\n                              <!---->\n                              <!---->\n                              <h4 class=\"\">SNXS 013 Serisi<\/h4>\n                            <\/div>\n                          <\/div>\n                          <div data-colibri-id=\"403-c13\" class=\"h-text h-text-component style-517 style-local-403-c13 position-relative h-element\">\n                            <!---->\n                            <!---->\n                            <div class=\"\">\n                              <p>Bu seri ince-orta kal\u0131nl\u0131ktaki terlikler i\u00e7in \u00f6zel form\u00fcle edilmi\u015ftir.<\/p>\n                              <p>Sertlik : 35-37 shore A<\/p>\n                              <p>Pi\u015fme s\u00fcresi : ~300 sn<\/p>\n                              <p>Erime s\u0131cakl\u0131\u011f\u0131 : 75 C<\/p>\n                            <\/div>\n                          <\/div>\n                        <\/div>\n                      <\/div>\n                    <\/div>\n                  <\/div>\n                <\/div>\n              <\/div>\n            <\/div>\n          <\/div>\n          <div class=\"h-column h-column-container d-flex h-col-lg-6 h-col-md-6 h-col-12 style-512-outer style-local-403-c15-outer\">\n            <div data-colibri-id=\"403-c15\" class=\"d-flex h-flex-basis h-column__inner h-px-lg-0 h-px-md-0 h-px-0 v-inner-lg-0 v-inner-md-0 v-inner-0 style-512 style-local-403-c15 position-relative\">\n              <!---->\n              <!---->\n              <div class=\"w-100 h-y-container h-column__content h-column__v-align flex-basis-100 align-self-lg-start align-self-md-start align-self-start\">\n                <!---->\n                <div data-colibri-id=\"403-c16\" class=\"d-block style-513 style-local-403-c16 position-relative h-element\">\n                  <!---->\n                  <div class=\"h-image__frame-container-outer\">\n                    <div class=\"h-image__frame-container\">\n                      <!---->\n                      <!---->\n                      <img loading=\"lazy\" width=\"1500\" height=\"1500\" src=\"https:\/\/www.evamaster.com\/wp-content\/uploads\/2022\/10\/cropped-mavii.jpg\" class=\"wp-image-218 style-513-image style-local-403-c16-image\" srcset=\"https:\/\/www.evamaster.com\/wp-content\/uploads\/2022\/10\/cropped-mavii.jpg 1500w, https:\/\/www.evamaster.com\/wp-content\/uploads\/2022\/10\/cropped-mavii-300x300.jpg 300w, https:\/\/www.evamaster.com\/wp-content\/uploads\/2022\/10\/cropped-mavii-1024x1024.jpg 1024w, https:\/\/www.evamaster.com\/wp-content\/uploads\/2022\/10\/cropped-mavii-150x150.jpg 150w, https:\/\/www.evamaster.com\/wp-content\/uploads\/2022\/10\/cropped-mavii-768x768.jpg 768w\" sizes=\"(max-width: 1500px) 100vw, 1500px\" alt=\"\" \/>\n                      <div class=\"h-image__frame h-hide-lg h-hide-md h-hide-sm style-513-frameImage style-local-403-c16-frameImage\"><\/div>\n                    <\/div>\n                  <\/div>\n                <\/div>\n                <div data-colibri-id=\"403-c17\" class=\"h-row-container gutters-row-lg-0 gutters-row-md-0 gutters-row-0 gutters-row-v-lg-0 gutters-row-v-md-0 gutters-row-v-0 style-514 style-local-403-c17 position-relative\">\n                  <!---->\n                  <div class=\"h-row justify-content-lg-center justify-content-md-center justify-content-center align-items-lg-stretch align-items-md-stretch align-items-stretch gutters-col-lg-0 gutters-col-md-0 gutters-col-0 gutters-col-v-lg-0 gutters-col-v-md-0 gutters-col-v-0\">\n                    <!---->\n                    <div class=\"h-column h-column-container d-flex h-col-lg-auto h-col-md-auto h-col-auto style-515-outer style-local-403-c18-outer\">\n                      <div data-colibri-id=\"403-c18\" class=\"d-flex h-flex-basis h-column__inner h-px-lg-2 h-px-md-2 h-px-2 v-inner-lg-2 v-inner-md-2 v-inner-2 style-515 style-local-403-c18 position-relative\">\n                        <!---->\n                        <!---->\n                        <div class=\"w-100 h-y-container h-column__content h-column__v-align flex-basis-100 align-self-lg-start align-self-md-start align-self-start\">\n                          <!---->\n                          <div data-colibri-id=\"403-c19\" class=\"h-global-transition-all h-heading style-516 style-local-403-c19 position-relative h-element\">\n                            <!---->\n                            <div class=\"h-heading__outer style-516 style-local-403-c19\">\n                              <!---->\n                              <!---->\n                              <h4 class=\"\">SNXS 012 Serisi<\/h4>\n                            <\/div>\n                          <\/div>\n                          <div data-colibri-id=\"403-c20\" class=\"h-text h-text-component style-517 style-local-403-c20 position-relative h-element\">\n                            <!---->\n                            <!---->\n                            <div class=\"\">\n                              <p>Bu seri orta-y\u00fcksek kal\u0131nl\u0131ktaki terlik, sandalet, bot uygulamalar\u0131 i\u00e7in \u00f6zel form\u00fcle edilmi\u015ftir.<\/p>\n                              <p>Sertlik : 30-33 Shore A<\/p>\n                              <p>Pi\u015fme s\u00fcresi ~ 400 sn<\/p>\n                              <p>Erime s\u0131cakl\u0131\u011f\u0131 : 75 C<\/p>\n                            <\/div>\n                          <\/div>\n                        <\/div>\n                      <\/div>\n                    <\/div>\n                  <\/div>\n                <\/div>\n              <\/div>\n            <\/div>\n          <\/div>\n          <div class=\"h-column h-column-container d-flex h-col-lg-6 h-col-md-6 h-col-12 style-512-outer style-local-403-c22-outer\">\n            <div data-colibri-id=\"403-c22\" class=\"d-flex h-flex-basis h-column__inner h-px-lg-0 h-px-md-0 h-px-0 v-inner-lg-0 v-inner-md-0 v-inner-0 style-512 style-local-403-c22 position-relative\">\n              <!---->\n              <!---->\n              <div class=\"w-100 h-y-container h-column__content h-column__v-align flex-basis-100 align-self-lg-start align-self-md-start align-self-start\">\n                <!---->\n                <div data-colibri-id=\"403-c23\" class=\"d-block style-513 style-local-403-c23 position-relative h-element\">\n                  <!---->\n                  <div class=\"h-image__frame-container-outer\">\n                    <div class=\"h-image__frame-container\">\n                      <!---->\n                      <!---->\n                      <img loading=\"lazy\" width=\"1500\" height=\"1500\" src=\"https:\/\/www.evamaster.com\/wp-content\/uploads\/2022\/10\/sari.jpg\" class=\"wp-image-208 style-513-image style-local-403-c23-image\" srcset=\"https:\/\/www.evamaster.com\/wp-content\/uploads\/2022\/10\/sari.jpg 1500w, https:\/\/www.evamaster.com\/wp-content\/uploads\/2022\/10\/sari-300x300.jpg 300w, https:\/\/www.evamaster.com\/wp-content\/uploads\/2022\/10\/sari-1024x1024.jpg 1024w, https:\/\/www.evamaster.com\/wp-content\/uploads\/2022\/10\/sari-150x150.jpg 150w, https:\/\/www.evamaster.com\/wp-content\/uploads\/2022\/10\/sari-768x768.jpg 768w\" sizes=\"(max-width: 1500px) 100vw, 1500px\" alt=\"\" \/>\n                      <div class=\"h-image__frame h-hide-lg h-hide-md h-hide-sm style-513-frameImage style-local-403-c23-frameImage\"><\/div>\n                    <\/div>\n                  <\/div>\n                <\/div>\n                <div data-colibri-id=\"403-c24\" class=\"h-row-container gutters-row-lg-0 gutters-row-md-0 gutters-row-0 gutters-row-v-lg-0 gutters-row-v-md-0 gutters-row-v-0 style-514 style-local-403-c24 position-relative\">\n                  <!---->\n                  <div class=\"h-row justify-content-lg-center justify-content-md-center justify-content-center align-items-lg-stretch align-items-md-stretch align-items-stretch gutters-col-lg-0 gutters-col-md-0 gutters-col-0 gutters-col-v-lg-0 gutters-col-v-md-0 gutters-col-v-0\">\n                    <!---->\n                    <div class=\"h-column h-column-container d-flex h-col-lg-auto h-col-md-auto h-col-auto style-515-outer style-local-403-c25-outer\">\n                      <div data-colibri-id=\"403-c25\" class=\"d-flex h-flex-basis h-column__inner h-px-lg-2 h-px-md-2 h-px-2 v-inner-lg-2 v-inner-md-2 v-inner-2 style-515 style-local-403-c25 position-relative\">\n                        <!---->\n                        <!---->\n                        <div class=\"w-100 h-y-container h-column__content h-column__v-align flex-basis-100 align-self-lg-start align-self-md-start align-self-start\">\n                          <!---->\n                          <div data-colibri-id=\"403-c26\" class=\"h-global-transition-all h-heading style-516 style-local-403-c26 position-relative h-element\">\n                            <!---->\n                            <div class=\"h-heading__outer style-516 style-local-403-c26\">\n                              <!---->\n                              <!---->\n                              <h4 class=\"\">SNXS 022 Serisi<\/h4>\n                            <\/div>\n                          <\/div>\n                          <div data-colibri-id=\"403-c27\" class=\"h-text h-text-component style-517 style-local-403-c27 position-relative h-element\">\n                            <!---->\n                            <!---->\n                            <div class=\"\">\n                              <p>Bu seri Avrupa\u2019 ya ihracat yapan firmalar\u0131m\u0131za REACH standartlar\u0131na uygun olacak \u015fekilde \u00f6zel form\u00fcle edilmi\u015ftir.<\/p>\n                              <p>Sertlik : 30-35 Shore A<\/p>\n                              <p>Pi\u015fme s\u00fcresi : ~400 sn<\/p>\n                              <p>Erime s\u0131cakl\u0131\u011f\u0131 : 75 C<\/p>\n                            <\/div>\n                          <\/div>\n                        <\/div>\n                      <\/div>\n                    <\/div>\n                  <\/div>\n                <\/div>\n              <\/div>\n            <\/div>\n          <\/div>\n          <div class=\"h-column h-column-container d-flex h-col-lg-6 h-col-md-6 h-col-12 style-512-outer style-local-403-c29-outer\">\n            <div data-colibri-id=\"403-c29\" class=\"d-flex h-flex-basis h-column__inner h-px-lg-0 h-px-md-0 h-px-0 v-inner-lg-0 v-inner-md-0 v-inner-0 style-512 style-local-403-c29 position-relative\">\n              <!---->\n              <!---->\n              <div class=\"w-100 h-y-container h-column__content h-column__v-align flex-basis-100 align-self-lg-start align-self-md-start align-self-start\">\n                <!---->\n                <div data-colibri-id=\"403-c30\" class=\"d-block style-513 style-local-403-c30 position-relative h-element\">\n                  <!---->\n                  <div class=\"h-image__frame-container-outer\">\n                    <div class=\"h-image__frame-container\">\n                      <!---->\n                      <!---->\n                      <img loading=\"lazy\" width=\"1500\" height=\"1500\" src=\"https:\/\/www.evamaster.com\/wp-content\/uploads\/2022\/10\/mavi.jpg\" class=\"wp-image-199 style-513-image style-local-403-c30-image\" srcset=\"https:\/\/www.evamaster.com\/wp-content\/uploads\/2022\/10\/mavi.jpg 1500w, https:\/\/www.evamaster.com\/wp-content\/uploads\/2022\/10\/mavi-300x300.jpg 300w, https:\/\/www.evamaster.com\/wp-content\/uploads\/2022\/10\/mavi-1024x1024.jpg 1024w, https:\/\/www.evamaster.com\/wp-content\/uploads\/2022\/10\/mavi-150x150.jpg 150w, https:\/\/www.evamaster.com\/wp-content\/uploads\/2022\/10\/mavi-768x768.jpg 768w\" sizes=\"(max-width: 1500px) 100vw, 1500px\" alt=\"\" \/>\n                      <div class=\"h-image__frame h-hide-lg h-hide-md h-hide-sm style-513-frameImage style-local-403-c30-frameImage\"><\/div>\n                    <\/div>\n                  <\/div>\n                <\/div>\n                <div data-colibri-id=\"403-c31\" class=\"h-row-container gutters-row-lg-0 gutters-row-md-0 gutters-row-0 gutters-row-v-lg-0 gutters-row-v-md-0 gutters-row-v-0 style-514 style-local-403-c31 position-relative\">\n                  <!---->\n                  <div class=\"h-row justify-content-lg-center justify-content-md-center justify-content-center align-items-lg-stretch align-items-md-stretch align-items-stretch gutters-col-lg-0 gutters-col-md-0 gutters-col-0 gutters-col-v-lg-0 gutters-col-v-md-0 gutters-col-v-0\">\n                    <!---->\n                    <div class=\"h-column h-column-container d-flex h-col-lg-auto h-col-md-auto h-col-auto style-515-outer style-local-403-c32-outer\">\n                      <div data-colibri-id=\"403-c32\" class=\"d-flex h-flex-basis h-column__inner h-px-lg-2 h-px-md-2 h-px-2 v-inner-lg-2 v-inner-md-2 v-inner-2 style-515 style-local-403-c32 position-relative\">\n                        <!---->\n                        <!---->\n                        <div class=\"w-100 h-y-container h-column__content h-column__v-align flex-basis-100 align-self-lg-start align-self-md-start align-self-start\">\n                          <!---->\n                          <div data-colibri-id=\"403-c33\" class=\"h-global-transition-all h-heading style-516 style-local-403-c33 position-relative h-element\">\n                            <!---->\n                            <div class=\"h-heading__outer style-516 style-local-403-c33\">\n                              <!---->\n                              <!---->\n                              <h4 class=\"\">SNXS 017<\/h4>\n                            <\/div>\n                          <\/div>\n                          <div data-colibri-id=\"403-c34\" class=\"h-text h-text-component style-517 style-local-403-c34 position-relative h-element\">\n                            <!---->\n                            <!---->\n                            <div class=\"\">\n                              <p>Bu seri spor ayakkab\u0131 taban\u0131, orta taban, i\u00e7 taban gibi ayakkab\u0131 sekt\u00f6r\u00fcndeki uygulamalr i\u00e7in \u00f6zel form\u00fcle edilmi\u015ftir.<\/p>\n                              <p>Sertlik : 40-45 Shore A<\/p>\n                              <p>Pi\u015fme s\u00fcresi : ~ 350 sn<\/p>\n                              <p>Erime s\u0131ckl\u0131\u011f\u0131 : 75 C<\/p>\n                            <\/div>\n                          <\/div>\n                        <\/div>\n                      <\/div>\n                    <\/div>\n                  <\/div>\n                <\/div>\n              <\/div>\n            <\/div>\n          <\/div>\n        <\/div>\n      <\/div>\n      <div data-colibri-id=\"403-c107\" class=\"h-row-container gutters-row-lg-2 gutters-row-md-2 gutters-row-0 gutters-row-v-lg-2 gutters-row-v-md-2 gutters-row-v-2 style-563 style-local-403-c107 position-relative\">\n        <!---->\n        <div class=\"h-row justify-content-lg-center justify-content-md-center justify-content-center align-items-lg-stretch align-items-md-stretch align-items-stretch gutters-col-lg-2 gutters-col-md-2 gutters-col-0 gutters-col-v-lg-2 gutters-col-v-md-2 gutters-col-v-2\">\n          <!---->\n          <div class=\"h-column h-column-container d-flex h-col-lg-auto h-col-md-auto h-col-auto style-564-outer style-local-403-c108-outer\">\n            <div data-colibri-id=\"403-c108\" class=\"d-flex h-flex-basis h-column__inner h-px-lg-2 h-px-md-2 h-px-2 v-inner-lg-2 v-inner-md-2 v-inner-2 style-564 style-local-403-c108 position-relative\">\n              <!---->\n              <!---->\n              <div class=\"w-100 h-y-container h-column__content h-column__v-align flex-basis-100 align-self-lg-start align-self-md-start align-self-start\">\n                <!---->\n                <div data-colibri-id=\"403-c109\" class=\"h-text h-text-component style-565 style-local-403-c109 position-relative h-element\">\n                  <!---->\n                  <!---->\n                  <div class=\"\">\n                    <p> \u00dcr\u00fcnlerimizin fiziksel ve kimyasal \u00f6zellikleri;<\/p>\n                    <p>&#8211; Y\u00fcksek esneklik<\/p>\n                    <p>&#8211; Uzun \u00f6m\u00fcrl\u00fc kullan\u0131m\n                      <br>\n                    <\/p>\n                    <p>&#8211; Farkl\u0131 yo\u011funluk, yumu\u015fakl\u0131k ve renk se\u00e7ene\u011fi\n                      <br>\n                    <\/p>\n                    <p>&#8211; Parlak ve p\u00fcr\u00fczs\u00fcz net g\u00f6r\u00fcn\u00fcm<\/p>\n                    <p>&#8211; Ayak anatomisine uygun yap\u0131<\/p>\n                    <p>&#8211; Y\u00fcr\u00fcme koforu ile y\u00fcksek rahatl\u0131k<\/p>\n                    <p>&#8211; A\u011f\u0131r metal i\u00e7ermez<\/p>\n                    <p>&#8211; Alerjen i\u00e7ermez<\/p>\n                    <p>&#8211; En optimum Ph aral\u0131\u011f\u0131<\/p>\n                    <p>\u00d6NEML\u0130 NOT : Yukar\u0131da yaz\u0131l\u0131 olan de\u011ferler ortalama de\u011ferlerdir ve fikir verilmesi ad\u0131na belirtilmi\u015ftir. \u00dcr\u00fcnlerimiz t\u00fcm m\u00fc\u015fterilerimiz i\u00e7in sertlik, pi\u015fme s\u00fcresi ve b\u00fcy\u00fcme oran\u0131na g\u00f6re \u00f6zel olarak tasarlan\u0131r. Daha faza bilgi i\u00e7in\n                      l\u00fctfen ileti\u015fime ge\u00e7iniz..<\/p>\n                  <\/div>\n                <\/div>\n                <div data-colibri-id=\"403-c110\" class=\"h-x-container style-566 style-local-403-c110 position-relative h-element\">\n                  <!---->\n                  <div class=\"h-x-container-inner style-dynamic-403-c110-group style-566-spacing style-local-403-c110-spacing\"><span class=\"h-button__outer style-567-outer style-local-403-c111-outer d-inline-flex h-element\"><a h-use-smooth-scroll=\"true\" href=\"https:\/\/www.evamaster.com\/index.php\/iletisim\/\"  data-colibri-id=\"403-c111\" class=\"d-flex w-100 align-items-center h-button justify-content-lg-center justify-content-md-center justify-content-center style-567 style-local-403-c111 position-relative\"><!----><!----> <span>\u0130leti\u015fim<\/span><\/a>\n                    <\/span>\n                  <\/div>\n                <\/div>\n              <\/div>\n            <\/div>\n          <\/div>\n        <\/div>\n      <\/div>\n    <\/div>\n  <\/div>\n<\/div>","protected":false},"excerpt":{"rendered":"<p>Eva Master \u00fcr\u00fcnlerini buradan inceleyebilirsiniz. SNXS 013 Serisi Bu seri ince-orta kal\u0131nl\u0131ktaki terlikler i\u00e7in \u00f6zel form\u00fcle edilmi\u015ftir. Sertlik : 35-37 shore A Pi\u015fme s\u00fcresi : ~300 sn Erime s\u0131cakl\u0131\u011f\u0131 : 75 C SNXS 012 Serisi Bu seri orta-y\u00fcksek kal\u0131nl\u0131ktaki terlik, sandalet, bot uygulamalar\u0131 i\u00e7in \u00f6zel form\u00fcle edilmi\u015ftir. Sertlik : 30-33 Shore A Pi\u015fme s\u00fcresi ~ [&hellip;]<\/p>\n","protected":false},"author":1,"featured_media":0,"parent":0,"menu_order":0,"comment_status":"closed","ping_status":"closed","template":"page-templates\/full-width-page.php","meta":{"_themeisle_gutenberg_block_has_review":false},"_links":{"self":[{"href":"https:\/\/www.evamaster.com\/index.php\/wp-json\/wp\/v2\/pages\/403"}],"collection":[{"href":"https:\/\/www.evamaster.com\/index.php\/wp-json\/wp\/v2\/pages"}],"about":[{"href":"https:\/\/www.evamaster.com\/index.php\/wp-json\/wp\/v2\/types\/page"}],"author":[{"embeddable":true,"href":"https:\/\/www.evamaster.com\/index.php\/wp-json\/wp\/v2\/users\/1"}],"replies":[{"embeddable":true,"href":"https:\/\/www.evamaster.com\/index.php\/wp-json\/wp\/v2\/comments?post=403"}],"version-history":[{"count":5,"href":"https:\/\/www.evamaster.com\/index.php\/wp-json\/wp\/v2\/pages\/403\/revisions"}],"predecessor-version":[{"id":429,"href":"https:\/\/www.evamaster.com\/index.php\/wp-json\/wp\/v2\/pages\/403\/revisions\/429"}],"wp:attachment":[{"href":"https:\/\/www.evamaster.com\/index.php\/wp-json\/wp\/v2\/media?parent=403"}],"curies":[{"name":"wp","href":"https:\/\/api.w.org\/{rel}","templated":true}]}}